{"id":172,"date":"2023-12-07T22:48:10","date_gmt":"2023-12-07T22:48:10","guid":{"rendered":"https:\/\/antiquewhite-seal-888350.hostingersite.com\/?page_id=172"},"modified":"2023-12-27T22:13:29","modified_gmt":"2023-12-27T22:13:29","slug":"compliance-service","status":"publish","type":"page","link":"https:\/\/logasaservices.com\/es\/services\/compliance-service\/","title":{"rendered":"Servicio de Cumplimiento"},"content":{"rendered":"<div data-elementor-type=\"wp-page\" data-elementor-id=\"172\" class=\"elementor elementor-172\" data-elementor-post-type=\"page\">\n\t\t\t\t<div class=\"elementor-element elementor-element-468ef16 e-flex e-con-boxed elementor-invisible e-con e-parent\" data-id=\"468ef16\" data-element_type=\"container\" data-e-type=\"container\" data-settings=\"{&quot;background_background&quot;:&quot;classic&quot;,&quot;animation&quot;:&quot;fadeIn&quot;}\">\n\t\t\t\t\t<div class=\"e-con-inner\">\n\t\t\t\t<div class=\"elementor-element elementor-element-7fa569c elementor-widget elementor-widget-heading\" data-id=\"7fa569c\" data-element_type=\"widget\" data-e-type=\"widget\" data-widget_type=\"heading.default\">\n\t\t\t\t<div class=\"elementor-widget-container\">\n\t\t\t\t\t<h6 class=\"elementor-heading-title elementor-size-default\">\nNUESTROS SERVICIOS<\/h6>\t\t\t\t<\/div>\n\t\t\t\t<\/div>\n\t\t\t\t<div class=\"elementor-element elementor-element-421ce3e elementor-widget elementor-widget-heading\" data-id=\"421ce3e\" data-element_type=\"widget\" data-e-type=\"widget\" data-widget_type=\"heading.default\">\n\t\t\t\t<div class=\"elementor-widget-container\">\n\t\t\t\t\t<h1 class=\"elementor-heading-title elementor-size-xxl\">Servicio de Cumplimiento<\/h1>\t\t\t\t<\/div>\n\t\t\t\t<\/div>\n\t\t\t\t\t<\/div>\n\t\t\t\t<\/div>\n\t\t<div class=\"elementor-element elementor-element-5615ddc e-flex e-con-boxed elementor-invisible e-con e-parent\" data-id=\"5615ddc\" data-element_type=\"container\" data-e-type=\"container\" data-settings=\"{&quot;animation&quot;:&quot;fadeIn&quot;}\">\n\t\t\t\t\t<div class=\"e-con-inner\">\n\t\t<div class=\"elementor-element elementor-element-cdb9bc9 e-flex e-con-boxed e-con e-child\" data-id=\"cdb9bc9\" data-element_type=\"container\" data-e-type=\"container\">\n\t\t\t\t\t<div class=\"e-con-inner\">\n\t\t\t\t<div class=\"elementor-element elementor-element-9bc488e elementor-widget-divider--view-line elementor-widget elementor-widget-divider\" data-id=\"9bc488e\" data-element_type=\"widget\" data-e-type=\"widget\" data-widget_type=\"divider.default\">\n\t\t\t\t<div class=\"elementor-widget-container\">\n\t\t\t\t\t\t\t<div class=\"elementor-divider\">\n\t\t\t<span class=\"elementor-divider-separator\">\n\t\t\t\t\t\t<\/span>\n\t\t<\/div>\n\t\t\t\t\t\t<\/div>\n\t\t\t\t<\/div>\n\t\t\t\t<div class=\"elementor-element elementor-element-d794b39 elementor-widget elementor-widget-heading\" data-id=\"d794b39\" data-element_type=\"widget\" data-e-type=\"widget\" data-widget_type=\"heading.default\">\n\t\t\t\t<div class=\"elementor-widget-container\">\n\t\t\t\t\t<h2 class=\"elementor-heading-title elementor-size-xl\">Nuevo US DOT N\u00famero de Registro\n<\/h2>\t\t\t\t<\/div>\n\t\t\t\t<\/div>\n\t\t\t\t<div class=\"elementor-element elementor-element-ce1c7c3 elementor-widget elementor-widget-text-editor\" data-id=\"ce1c7c3\" data-element_type=\"widget\" data-e-type=\"widget\" data-widget_type=\"text-editor.default\">\n\t\t\t\t<div class=\"elementor-widget-container\">\n\t\t\t\t\t\t\t\t\t<p><span style=\"font-weight: 400;\">\u00bfQui\u00e9n debe solicitar un N\u00famero USDOT?<\/span><\/p><ul><li style=\"font-weight: 400;\" aria-level=\"1\"><span style=\"font-weight: 400;\">Las empresas que utilizan veh\u00edculos comerciales de m\u00e1s de 10.000 libras. que viaje a trav\u00e9s de las fronteras estatales<\/span><\/li><li style=\"font-weight: 400;\" aria-level=\"1\"><span style=\"font-weight: 400;\">Las empresas que participan en el transporte de 8 o m\u00e1s personas (conductor incluido) para el pago<\/span><\/li><li style=\"font-weight: 400;\" aria-level=\"1\"><span style=\"font-weight: 400;\">Las empresas que participan en el transporte de 15 o m\u00e1s pasajeros (conductor incluido), independientemente de pago<\/span><\/li><li style=\"font-weight: 400;\" aria-level=\"1\"><span style=\"font-weight: 400;\">Las empresas que participan en el transporte de materiales peligrosos.<\/span><\/li><\/ul>\t\t\t\t\t\t\t\t<\/div>\n\t\t\t\t<\/div>\n\t\t\t\t<div class=\"elementor-element elementor-element-d0d0461 elementor-widget-divider--view-line elementor-widget elementor-widget-divider\" data-id=\"d0d0461\" data-element_type=\"widget\" data-e-type=\"widget\" data-widget_type=\"divider.default\">\n\t\t\t\t<div class=\"elementor-widget-container\">\n\t\t\t\t\t\t\t<div class=\"elementor-divider\">\n\t\t\t<span class=\"elementor-divider-separator\">\n\t\t\t\t\t\t<\/span>\n\t\t<\/div>\n\t\t\t\t\t\t<\/div>\n\t\t\t\t<\/div>\n\t\t\t\t<div class=\"elementor-element elementor-element-b523ce9 elementor-widget elementor-widget-heading\" data-id=\"b523ce9\" data-element_type=\"widget\" data-e-type=\"widget\" data-widget_type=\"heading.default\">\n\t\t\t\t<div class=\"elementor-widget-container\">\n\t\t\t\t\t<h2 class=\"elementor-heading-title elementor-size-xl\">La UCR<\/h2>\t\t\t\t<\/div>\n\t\t\t\t<\/div>\n\t\t\t\t<div class=\"elementor-element elementor-element-bc0fd02 elementor-widget elementor-widget-text-editor\" data-id=\"bc0fd02\" data-element_type=\"widget\" data-e-type=\"widget\" data-widget_type=\"text-editor.default\">\n\t\t\t\t<div class=\"elementor-widget-container\">\n\t\t\t\t\t\t\t\t\t<p><span style=\"font-weight: 400;\">\u00bfQue se necesita para inscribirse en la UCR?<\/span><\/p><ul><li style=\"font-weight: 400;\" aria-level=\"1\"><span style=\"font-weight: 400;\">Transportistas (p\u00fablica y privada)<\/span><\/li><li style=\"font-weight: 400;\" aria-level=\"1\"><span style=\"font-weight: 400;\">Privado transportistas<\/span><\/li><li style=\"font-weight: 400;\" aria-level=\"1\"><span style=\"font-weight: 400;\">El arrendamiento de empresas<\/span><\/li><li style=\"font-weight: 400;\" aria-level=\"1\"><span style=\"font-weight: 400;\">Los transportistas de carga<\/span><\/li><li style=\"font-weight: 400;\" aria-level=\"1\"><span style=\"font-weight: 400;\">Los corredores situados en los Estados unidos, M\u00e9xico o Canad\u00e1, o las empresas que se dedican en los instrumentos internacionales y\/o comercio interestatal involucran a los estados UNIDOS.<\/span><\/li><\/ul>\t\t\t\t\t\t\t\t<\/div>\n\t\t\t\t<\/div>\n\t\t\t\t<div class=\"elementor-element elementor-element-e78e8b0 elementor-widget-divider--view-line elementor-widget elementor-widget-divider\" data-id=\"e78e8b0\" data-element_type=\"widget\" data-e-type=\"widget\" data-widget_type=\"divider.default\">\n\t\t\t\t<div class=\"elementor-widget-container\">\n\t\t\t\t\t\t\t<div class=\"elementor-divider\">\n\t\t\t<span class=\"elementor-divider-separator\">\n\t\t\t\t\t\t<\/span>\n\t\t<\/div>\n\t\t\t\t\t\t<\/div>\n\t\t\t\t<\/div>\n\t\t\t\t<div class=\"elementor-element elementor-element-f15941e elementor-widget elementor-widget-heading\" data-id=\"f15941e\" data-element_type=\"widget\" data-e-type=\"widget\" data-widget_type=\"heading.default\">\n\t\t\t\t<div class=\"elementor-widget-container\">\n\t\t\t\t\t<h2 class=\"elementor-heading-title elementor-size-xl\">BOC \u2013 3 Presentaci\u00f3n<\/h2>\t\t\t\t<\/div>\n\t\t\t\t<\/div>\n\t\t\t\t<div class=\"elementor-element elementor-element-2a60e52 elementor-widget elementor-widget-text-editor\" data-id=\"2a60e52\" data-element_type=\"widget\" data-e-type=\"widget\" data-widget_type=\"text-editor.default\">\n\t\t\t\t<div class=\"elementor-widget-container\">\n\t\t\t\t\t\t\t\t\t<p><a href=\"#contact\"><span style=\"text-decoration: underline; color: #ff0000;\"><strong>P\u00d3NGASE EN CONTACTO CON NOSOTROS<\/strong><\/span><\/a><\/p>\t\t\t\t\t\t\t\t<\/div>\n\t\t\t\t<\/div>\n\t\t\t\t<div class=\"elementor-element elementor-element-01cd728 elementor-widget-divider--view-line elementor-widget elementor-widget-divider\" data-id=\"01cd728\" data-element_type=\"widget\" data-e-type=\"widget\" data-widget_type=\"divider.default\">\n\t\t\t\t<div class=\"elementor-widget-container\">\n\t\t\t\t\t\t\t<div class=\"elementor-divider\">\n\t\t\t<span class=\"elementor-divider-separator\">\n\t\t\t\t\t\t<\/span>\n\t\t<\/div>\n\t\t\t\t\t\t<\/div>\n\t\t\t\t<\/div>\n\t\t\t\t<div class=\"elementor-element elementor-element-9cc6de9 elementor-widget elementor-widget-heading\" data-id=\"9cc6de9\" data-element_type=\"widget\" data-e-type=\"widget\" data-widget_type=\"heading.default\">\n\t\t\t\t<div class=\"elementor-widget-container\">\n\t\t\t\t\t<h2 class=\"elementor-heading-title elementor-size-xl\">Fuera del Negocio de la Notificaci\u00f3n<\/h2>\t\t\t\t<\/div>\n\t\t\t\t<\/div>\n\t\t\t\t<div class=\"elementor-element elementor-element-77bcf04 elementor-widget elementor-widget-text-editor\" data-id=\"77bcf04\" data-element_type=\"widget\" data-e-type=\"widget\" data-widget_type=\"text-editor.default\">\n\t\t\t\t<div class=\"elementor-widget-container\">\n\t\t\t\t\t\t\t\t\t<p><span style=\"font-weight: 400;\">Un PUNTO de estados UNIDOS N\u00famero es necesaria si:<\/span><\/p><ul><li style=\"font-weight: 400;\" aria-level=\"1\"><span style=\"font-weight: 400;\">La clasificaci\u00f3n de peso bruto de los veh\u00edculos es de 10,000 libras o m\u00e1s (esto se refiere a la suma de los pesos de los veh\u00edculos, incluyendo tanto el veh\u00edculo y el remolque)<\/span><\/li><li style=\"font-weight: 400;\" aria-level=\"1\"><span style=\"font-weight: 400;\">Sus veh\u00edculos son utilizados para la rentable el transporte de 8 personas o m\u00e1s (incluyendo el conductor)<\/span><\/li><li style=\"font-weight: 400;\" aria-level=\"1\"><span style=\"font-weight: 400;\">Sus veh\u00edculos son utilizados por la organizaci\u00f3n sin \u00e1nimo de transporte de 16 personas o m\u00e1s (incluyendo el conductor)<\/span><\/li><li style=\"font-weight: 400;\" aria-level=\"1\"><span style=\"font-weight: 400;\">Usted est\u00e1 involucrado en el transporte de materiales peligrosos (HazMat).<\/span><\/li><\/ul>\t\t\t\t\t\t\t\t<\/div>\n\t\t\t\t<\/div>\n\t\t\t\t<div class=\"elementor-element elementor-element-c0026d0 elementor-widget-divider--view-line elementor-widget elementor-widget-divider\" data-id=\"c0026d0\" data-element_type=\"widget\" data-e-type=\"widget\" data-widget_type=\"divider.default\">\n\t\t\t\t<div class=\"elementor-widget-container\">\n\t\t\t\t\t\t\t<div class=\"elementor-divider\">\n\t\t\t<span class=\"elementor-divider-separator\">\n\t\t\t\t\t\t<\/span>\n\t\t<\/div>\n\t\t\t\t\t\t<\/div>\n\t\t\t\t<\/div>\n\t\t\t\t\t<\/div>\n\t\t\t\t<\/div>\n\t\t<div class=\"elementor-element elementor-element-b11021e e-con-full e-flex e-con e-child\" data-id=\"b11021e\" data-element_type=\"container\" data-e-type=\"container\" data-settings=\"{&quot;sticky&quot;:&quot;top&quot;,&quot;sticky_offset&quot;:100,&quot;sticky_parent&quot;:&quot;yes&quot;,&quot;sticky_on&quot;:[&quot;desktop&quot;,&quot;tablet&quot;,&quot;mobile&quot;],&quot;sticky_effects_offset&quot;:0,&quot;sticky_anchor_link_offset&quot;:0}\">\n\t\t\t\t<div class=\"elementor-element elementor-element-fcd93de elementor-widget elementor-widget-image\" data-id=\"fcd93de\" data-element_type=\"widget\" data-e-type=\"widget\" data-widget_type=\"image.default\">\n\t\t\t\t<div class=\"elementor-widget-container\">\n\t\t\t\t\t\t\t\t\t\t\t\t\t\t\t<img fetchpriority=\"high\" decoding=\"async\" width=\"2000\" height=\"1333\" src=\"https:\/\/logasaservices.com\/wp-content\/uploads\/2023\/12\/happy-truck-driver-looking-through-side-window-while-driving-his-truck-.jpg\" class=\"attachment-full size-full wp-image-255\" alt=\"Happy truck driver looking through side window while driving his truck.\" srcset=\"https:\/\/logasaservices.com\/wp-content\/uploads\/2023\/12\/happy-truck-driver-looking-through-side-window-while-driving-his-truck-.jpg 2000w, https:\/\/logasaservices.com\/wp-content\/uploads\/2023\/12\/happy-truck-driver-looking-through-side-window-while-driving-his-truck--300x200.jpg 300w, https:\/\/logasaservices.com\/wp-content\/uploads\/2023\/12\/happy-truck-driver-looking-through-side-window-while-driving-his-truck--1024x682.jpg 1024w, https:\/\/logasaservices.com\/wp-content\/uploads\/2023\/12\/happy-truck-driver-looking-through-side-window-while-driving-his-truck--768x512.jpg 768w, https:\/\/logasaservices.com\/wp-content\/uploads\/2023\/12\/happy-truck-driver-looking-through-side-window-while-driving-his-truck--1536x1024.jpg 1536w\" sizes=\"(max-width: 2000px) 100vw, 2000px\" \/>\t\t\t\t\t\t\t\t\t\t\t\t\t\t\t<\/div>\n\t\t\t\t<\/div>\n\t\t\t\t<\/div>\n\t\t\t\t\t<\/div>\n\t\t\t\t<\/div>\n\t\t\t\t<\/div>","protected":false},"excerpt":{"rendered":"<p>OUR SERVICES New US DOT Number Registration Who should apply for a USDOT Number? Businesses utilizing commercial vehicles above 10,000 lbs. that journey across state borders Businesses engaged in transporting 8 or more passengers (driver included) for payment Businesses involved in transporting 15 or more passengers (driver included) regardless of payment Businesses engaged in transporting [&hellip;]<\/p>","protected":false},"author":1,"featured_media":255,"parent":12,"menu_order":1,"comment_status":"closed","ping_status":"closed","template":"","meta":{"footnotes":""},"class_list":["post-172","page","type-page","status-publish","has-post-thumbnail","hentry"],"yoast_head":"<!-- This site is optimized with the Yoast SEO plugin v26.9 - https:\/\/yoast.com\/product\/yoast-seo-wordpress\/ -->\n<title>Compliance Service - Logasa<\/title>\n<meta name=\"robots\" content=\"index, follow, max-snippet:-1, max-image-preview:large, max-video-preview:-1\" \/>\n<link rel=\"canonical\" href=\"https:\/\/logasaservices.com\/es\/services\/compliance-service\/\" \/>\n<meta property=\"og:locale\" content=\"es_MX\" \/>\n<meta property=\"og:type\" content=\"article\" \/>\n<meta property=\"og:title\" content=\"Compliance Service - Logasa\" \/>\n<meta property=\"og:description\" content=\"OUR SERVICES New US DOT Number Registration Who should apply for a USDOT Number? Businesses utilizing commercial vehicles above 10,000 lbs. that journey across state borders Businesses engaged in transporting 8 or more passengers (driver included) for payment Businesses involved in transporting 15 or more passengers (driver included) regardless of payment Businesses engaged in transporting [&hellip;]\" \/>\n<meta property=\"og:url\" content=\"https:\/\/logasaservices.com\/es\/services\/compliance-service\/\" \/>\n<meta property=\"og:site_name\" content=\"Logasa\" \/>\n<meta property=\"article:modified_time\" content=\"2023-12-27T22:13:29+00:00\" \/>\n<meta property=\"og:image\" content=\"https:\/\/logasaservices.com\/wp-content\/uploads\/2023\/12\/happy-truck-driver-looking-through-side-window-while-driving-his-truck-.jpg\" \/>\n\t<meta property=\"og:image:width\" content=\"2000\" \/>\n\t<meta property=\"og:image:height\" content=\"1333\" \/>\n\t<meta property=\"og:image:type\" content=\"image\/jpeg\" \/>\n<meta name=\"twitter:card\" content=\"summary_large_image\" \/>\n<meta name=\"twitter:label1\" content=\"Tiempo de lectura\" \/>\n\t<meta name=\"twitter:data1\" content=\"1 minuto\" \/>\n<script type=\"application\/ld+json\" class=\"yoast-schema-graph\">{\"@context\":\"https:\/\/schema.org\",\"@graph\":[{\"@type\":\"WebPage\",\"@id\":\"https:\/\/logasaservices.com\/services\/compliance-service\/\",\"url\":\"https:\/\/logasaservices.com\/services\/compliance-service\/\",\"name\":\"Compliance Service - Logasa\",\"isPartOf\":{\"@id\":\"https:\/\/logasaservices.com\/#website\"},\"primaryImageOfPage\":{\"@id\":\"https:\/\/logasaservices.com\/services\/compliance-service\/#primaryimage\"},\"image\":{\"@id\":\"https:\/\/logasaservices.com\/services\/compliance-service\/#primaryimage\"},\"thumbnailUrl\":\"https:\/\/logasaservices.com\/wp-content\/uploads\/2023\/12\/happy-truck-driver-looking-through-side-window-while-driving-his-truck-.jpg\",\"datePublished\":\"2023-12-07T22:48:10+00:00\",\"dateModified\":\"2023-12-27T22:13:29+00:00\",\"breadcrumb\":{\"@id\":\"https:\/\/logasaservices.com\/services\/compliance-service\/#breadcrumb\"},\"inLanguage\":\"es\",\"potentialAction\":[{\"@type\":\"ReadAction\",\"target\":[\"https:\/\/logasaservices.com\/services\/compliance-service\/\"]}]},{\"@type\":\"ImageObject\",\"inLanguage\":\"es\",\"@id\":\"https:\/\/logasaservices.com\/services\/compliance-service\/#primaryimage\",\"url\":\"https:\/\/logasaservices.com\/wp-content\/uploads\/2023\/12\/happy-truck-driver-looking-through-side-window-while-driving-his-truck-.jpg\",\"contentUrl\":\"https:\/\/logasaservices.com\/wp-content\/uploads\/2023\/12\/happy-truck-driver-looking-through-side-window-while-driving-his-truck-.jpg\",\"width\":2000,\"height\":1333,\"caption\":\"Happy truck driver looking through side window while driving his truck.\"},{\"@type\":\"BreadcrumbList\",\"@id\":\"https:\/\/logasaservices.com\/services\/compliance-service\/#breadcrumb\",\"itemListElement\":[{\"@type\":\"ListItem\",\"position\":1,\"name\":\"Home\",\"item\":\"https:\/\/logasaservices.com\/\"},{\"@type\":\"ListItem\",\"position\":2,\"name\":\"Services\",\"item\":\"https:\/\/logasaservices.com\/services\/\"},{\"@type\":\"ListItem\",\"position\":3,\"name\":\"Compliance Service\"}]},{\"@type\":\"WebSite\",\"@id\":\"https:\/\/logasaservices.com\/#website\",\"url\":\"https:\/\/logasaservices.com\/\",\"name\":\"Logasa\",\"description\":\"\",\"publisher\":{\"@id\":\"https:\/\/logasaservices.com\/#organization\"},\"potentialAction\":[{\"@type\":\"SearchAction\",\"target\":{\"@type\":\"EntryPoint\",\"urlTemplate\":\"https:\/\/logasaservices.com\/?s={search_term_string}\"},\"query-input\":{\"@type\":\"PropertyValueSpecification\",\"valueRequired\":true,\"valueName\":\"search_term_string\"}}],\"inLanguage\":\"es\"},{\"@type\":\"Organization\",\"@id\":\"https:\/\/logasaservices.com\/#organization\",\"name\":\"Logasa\",\"url\":\"https:\/\/logasaservices.com\/\",\"logo\":{\"@type\":\"ImageObject\",\"inLanguage\":\"es\",\"@id\":\"https:\/\/logasaservices.com\/#\/schema\/logo\/image\/\",\"url\":\"https:\/\/logasaservices.com\/wp-content\/uploads\/2023\/12\/logo.png\",\"contentUrl\":\"https:\/\/logasaservices.com\/wp-content\/uploads\/2023\/12\/logo.png\",\"width\":179,\"height\":43,\"caption\":\"Logasa\"},\"image\":{\"@id\":\"https:\/\/logasaservices.com\/#\/schema\/logo\/image\/\"}}]}<\/script>\n<!-- \/ Yoast SEO plugin. -->","yoast_head_json":{"title":"Compliance Service - Logasa","robots":{"index":"index","follow":"follow","max-snippet":"max-snippet:-1","max-image-preview":"max-image-preview:large","max-video-preview":"max-video-preview:-1"},"canonical":"https:\/\/logasaservices.com\/es\/services\/compliance-service\/","og_locale":"es_MX","og_type":"article","og_title":"Compliance Service - Logasa","og_description":"OUR SERVICES New US DOT Number Registration Who should apply for a USDOT Number? Businesses utilizing commercial vehicles above 10,000 lbs. that journey across state borders Businesses engaged in transporting 8 or more passengers (driver included) for payment Businesses involved in transporting 15 or more passengers (driver included) regardless of payment Businesses engaged in transporting [&hellip;]","og_url":"https:\/\/logasaservices.com\/es\/services\/compliance-service\/","og_site_name":"Logasa","article_modified_time":"2023-12-27T22:13:29+00:00","og_image":[{"width":2000,"height":1333,"url":"https:\/\/logasaservices.com\/wp-content\/uploads\/2023\/12\/happy-truck-driver-looking-through-side-window-while-driving-his-truck-.jpg","type":"image\/jpeg"}],"twitter_card":"summary_large_image","twitter_misc":{"Tiempo de lectura":"1 minuto"},"schema":{"@context":"https:\/\/schema.org","@graph":[{"@type":"WebPage","@id":"https:\/\/logasaservices.com\/services\/compliance-service\/","url":"https:\/\/logasaservices.com\/services\/compliance-service\/","name":"Compliance Service - Logasa","isPartOf":{"@id":"https:\/\/logasaservices.com\/#website"},"primaryImageOfPage":{"@id":"https:\/\/logasaservices.com\/services\/compliance-service\/#primaryimage"},"image":{"@id":"https:\/\/logasaservices.com\/services\/compliance-service\/#primaryimage"},"thumbnailUrl":"https:\/\/logasaservices.com\/wp-content\/uploads\/2023\/12\/happy-truck-driver-looking-through-side-window-while-driving-his-truck-.jpg","datePublished":"2023-12-07T22:48:10+00:00","dateModified":"2023-12-27T22:13:29+00:00","breadcrumb":{"@id":"https:\/\/logasaservices.com\/services\/compliance-service\/#breadcrumb"},"inLanguage":"es","potentialAction":[{"@type":"ReadAction","target":["https:\/\/logasaservices.com\/services\/compliance-service\/"]}]},{"@type":"ImageObject","inLanguage":"es","@id":"https:\/\/logasaservices.com\/services\/compliance-service\/#primaryimage","url":"https:\/\/logasaservices.com\/wp-content\/uploads\/2023\/12\/happy-truck-driver-looking-through-side-window-while-driving-his-truck-.jpg","contentUrl":"https:\/\/logasaservices.com\/wp-content\/uploads\/2023\/12\/happy-truck-driver-looking-through-side-window-while-driving-his-truck-.jpg","width":2000,"height":1333,"caption":"Happy truck driver looking through side window while driving his truck."},{"@type":"BreadcrumbList","@id":"https:\/\/logasaservices.com\/services\/compliance-service\/#breadcrumb","itemListElement":[{"@type":"ListItem","position":1,"name":"Home","item":"https:\/\/logasaservices.com\/"},{"@type":"ListItem","position":2,"name":"Services","item":"https:\/\/logasaservices.com\/services\/"},{"@type":"ListItem","position":3,"name":"Compliance Service"}]},{"@type":"WebSite","@id":"https:\/\/logasaservices.com\/#website","url":"https:\/\/logasaservices.com\/","name":"Logasa","description":"","publisher":{"@id":"https:\/\/logasaservices.com\/#organization"},"potentialAction":[{"@type":"SearchAction","target":{"@type":"EntryPoint","urlTemplate":"https:\/\/logasaservices.com\/?s={search_term_string}"},"query-input":{"@type":"PropertyValueSpecification","valueRequired":true,"valueName":"search_term_string"}}],"inLanguage":"es"},{"@type":"Organization","@id":"https:\/\/logasaservices.com\/#organization","name":"Logasa","url":"https:\/\/logasaservices.com\/","logo":{"@type":"ImageObject","inLanguage":"es","@id":"https:\/\/logasaservices.com\/#\/schema\/logo\/image\/","url":"https:\/\/logasaservices.com\/wp-content\/uploads\/2023\/12\/logo.png","contentUrl":"https:\/\/logasaservices.com\/wp-content\/uploads\/2023\/12\/logo.png","width":179,"height":43,"caption":"Logasa"},"image":{"@id":"https:\/\/logasaservices.com\/#\/schema\/logo\/image\/"}}]}},"_links":{"self":[{"href":"https:\/\/logasaservices.com\/es\/wp-json\/wp\/v2\/pages\/172","targetHints":{"allow":["GET"]}}],"collection":[{"href":"https:\/\/logasaservices.com\/es\/wp-json\/wp\/v2\/pages"}],"about":[{"href":"https:\/\/logasaservices.com\/es\/wp-json\/wp\/v2\/types\/page"}],"author":[{"embeddable":true,"href":"https:\/\/logasaservices.com\/es\/wp-json\/wp\/v2\/users\/1"}],"replies":[{"embeddable":true,"href":"https:\/\/logasaservices.com\/es\/wp-json\/wp\/v2\/comments?post=172"}],"version-history":[{"count":29,"href":"https:\/\/logasaservices.com\/es\/wp-json\/wp\/v2\/pages\/172\/revisions"}],"predecessor-version":[{"id":389,"href":"https:\/\/logasaservices.com\/es\/wp-json\/wp\/v2\/pages\/172\/revisions\/389"}],"up":[{"embeddable":true,"href":"https:\/\/logasaservices.com\/es\/wp-json\/wp\/v2\/pages\/12"}],"wp:featuredmedia":[{"embeddable":true,"href":"https:\/\/logasaservices.com\/es\/wp-json\/wp\/v2\/media\/255"}],"wp:attachment":[{"href":"https:\/\/logasaservices.com\/es\/wp-json\/wp\/v2\/media?parent=172"}],"curies":[{"name":"wp","href":"https:\/\/api.w.org\/{rel}","templated":true}]}}