{"id":174,"date":"2023-12-07T22:48:26","date_gmt":"2023-12-07T22:48:26","guid":{"rendered":"https:\/\/antiquewhite-seal-888350.hostingersite.com\/?page_id=174"},"modified":"2023-12-27T22:15:12","modified_gmt":"2023-12-27T22:15:12","slug":"biennial-update","status":"publish","type":"page","link":"https:\/\/logasaservices.com\/es\/services\/biennial-update\/","title":{"rendered":"Actualizaci\u00f3n de Biennial"},"content":{"rendered":"<div data-elementor-type=\"wp-page\" data-elementor-id=\"174\" class=\"elementor elementor-174\" data-elementor-post-type=\"page\">\n\t\t\t\t<div class=\"elementor-element elementor-element-93c4150 e-flex e-con-boxed elementor-invisible e-con e-parent\" data-id=\"93c4150\" data-element_type=\"container\" data-e-type=\"container\" data-settings=\"{&quot;background_background&quot;:&quot;classic&quot;,&quot;animation&quot;:&quot;fadeIn&quot;}\">\n\t\t\t\t\t<div class=\"e-con-inner\">\n\t\t\t\t<div class=\"elementor-element elementor-element-6919985 elementor-widget elementor-widget-heading\" data-id=\"6919985\" data-element_type=\"widget\" data-e-type=\"widget\" data-widget_type=\"heading.default\">\n\t\t\t\t<div class=\"elementor-widget-container\">\n\t\t\t\t\t<h6 class=\"elementor-heading-title elementor-size-default\">\nNUESTROS SERVICIOS<\/h6>\t\t\t\t<\/div>\n\t\t\t\t<\/div>\n\t\t\t\t<div class=\"elementor-element elementor-element-9e66dcc elementor-widget elementor-widget-heading\" data-id=\"9e66dcc\" data-element_type=\"widget\" data-e-type=\"widget\" data-widget_type=\"heading.default\">\n\t\t\t\t<div class=\"elementor-widget-container\">\n\t\t\t\t\t<h1 class=\"elementor-heading-title elementor-size-xxl\">Actualizaci\u00f3n de Biennial<\/h1>\t\t\t\t<\/div>\n\t\t\t\t<\/div>\n\t\t\t\t\t<\/div>\n\t\t\t\t<\/div>\n\t\t<div class=\"elementor-element elementor-element-d4281f5 e-flex e-con-boxed elementor-invisible e-con e-parent\" data-id=\"d4281f5\" data-element_type=\"container\" data-e-type=\"container\" data-settings=\"{&quot;animation&quot;:&quot;fadeIn&quot;}\">\n\t\t\t\t\t<div class=\"e-con-inner\">\n\t\t<div class=\"elementor-element elementor-element-8b584ba e-flex e-con-boxed e-con e-child\" data-id=\"8b584ba\" data-element_type=\"container\" data-e-type=\"container\">\n\t\t\t\t\t<div class=\"e-con-inner\">\n\t\t\t\t<div class=\"elementor-element elementor-element-85eeefb elementor-widget-divider--view-line elementor-widget elementor-widget-divider\" data-id=\"85eeefb\" data-element_type=\"widget\" data-e-type=\"widget\" data-widget_type=\"divider.default\">\n\t\t\t\t<div class=\"elementor-widget-container\">\n\t\t\t\t\t\t\t<div class=\"elementor-divider\">\n\t\t\t<span class=\"elementor-divider-separator\">\n\t\t\t\t\t\t<\/span>\n\t\t<\/div>\n\t\t\t\t\t\t<\/div>\n\t\t\t\t<\/div>\n\t\t\t\t<div class=\"elementor-element elementor-element-e64909d elementor-widget elementor-widget-heading\" data-id=\"e64909d\" data-element_type=\"widget\" data-e-type=\"widget\" data-widget_type=\"heading.default\">\n\t\t\t\t<div class=\"elementor-widget-container\">\n\t\t\t\t\t<h2 class=\"elementor-heading-title elementor-size-xl\">MCS150<\/h2>\t\t\t\t<\/div>\n\t\t\t\t<\/div>\n\t\t\t\t<div class=\"elementor-element elementor-element-dd4d2b7 elementor-widget elementor-widget-text-editor\" data-id=\"dd4d2b7\" data-element_type=\"widget\" data-e-type=\"widget\" data-widget_type=\"text-editor.default\">\n\t\t\t\t<div class=\"elementor-widget-container\">\n\t\t\t\t\t\t\t\t\t<p><strong>\u00bfPor qu\u00e9 el Motor de Identificaci\u00f3n del Transportista Informe (MSC-150) necesario?<\/strong><\/p><p><span style=\"font-weight: 400;\">El MSC-150 formulario es una empresa especializada en el documento necesario para la presentaci\u00f3n o revisi\u00f3n de su n\u00famero USDOT.<\/span><\/p><p><span style=\"font-weight: 400;\">La FMCSA obliga a completar este formulario y actualizar sus datos cada dos a\u00f1os.<\/span><\/p><p><span style=\"font-weight: 400;\">Si su negocio ha dejado de operar, la presentaci\u00f3n de la MSC-150 est\u00e1 obligado a informar a la FMCSA. No se puede desactivar su US DOT n\u00famero en l\u00ednea o por tel\u00e9fono.<\/span><\/p><p><span style=\"font-weight: 400;\">Descuidar a presentar su Bienales de Actualizaci\u00f3n conducir\u00e1 a la desactivaci\u00f3n de su n\u00famero USDOT.<\/span><\/p><p><span style=\"font-weight: 400;\">El incumplimiento podr\u00eda resultar en multas civiles de hasta $1,000 por d\u00eda ($10,000 m\u00e1ximo).<\/span><\/p><p><span style=\"font-weight: 400;\">Si usted ya no est\u00e1 utilizando su n\u00famero de DOT, usted debe presentar una notificaci\u00f3n de cese de negocio para evitar cualquier uso no autorizado de su US DOT n\u00famero.<\/span><\/p>\t\t\t\t\t\t\t\t<\/div>\n\t\t\t\t<\/div>\n\t\t\t\t<div class=\"elementor-element elementor-element-0c3d8a6 elementor-widget-divider--view-line elementor-widget elementor-widget-divider\" data-id=\"0c3d8a6\" data-element_type=\"widget\" data-e-type=\"widget\" data-widget_type=\"divider.default\">\n\t\t\t\t<div class=\"elementor-widget-container\">\n\t\t\t\t\t\t\t<div class=\"elementor-divider\">\n\t\t\t<span class=\"elementor-divider-separator\">\n\t\t\t\t\t\t<\/span>\n\t\t<\/div>\n\t\t\t\t\t\t<\/div>\n\t\t\t\t<\/div>\n\t\t\t\t\t<\/div>\n\t\t\t\t<\/div>\n\t\t<div class=\"elementor-element elementor-element-e40535f e-con-full e-flex e-con e-child\" data-id=\"e40535f\" data-element_type=\"container\" data-e-type=\"container\" data-settings=\"{&quot;sticky&quot;:&quot;top&quot;,&quot;sticky_offset&quot;:100,&quot;sticky_parent&quot;:&quot;yes&quot;,&quot;sticky_on&quot;:[&quot;desktop&quot;,&quot;tablet&quot;,&quot;mobile&quot;],&quot;sticky_effects_offset&quot;:0,&quot;sticky_anchor_link_offset&quot;:0}\">\n\t\t\t\t<div class=\"elementor-element elementor-element-716f2a4 elementor-widget elementor-widget-image\" data-id=\"716f2a4\" data-element_type=\"widget\" data-e-type=\"widget\" data-widget_type=\"image.default\">\n\t\t\t\t<div class=\"elementor-widget-container\">\n\t\t\t\t\t\t\t\t\t\t\t\t\t\t\t<img fetchpriority=\"high\" decoding=\"async\" width=\"2000\" height=\"1335\" src=\"https:\/\/logasaservices.com\/wp-content\/uploads\/2023\/12\/semi-truck-transportation.jpg\" class=\"attachment-full size-full wp-image-256\" alt=\"Semi Truck Transportation\" srcset=\"https:\/\/logasaservices.com\/wp-content\/uploads\/2023\/12\/semi-truck-transportation.jpg 2000w, https:\/\/logasaservices.com\/wp-content\/uploads\/2023\/12\/semi-truck-transportation-300x200.jpg 300w, https:\/\/logasaservices.com\/wp-content\/uploads\/2023\/12\/semi-truck-transportation-1024x684.jpg 1024w, https:\/\/logasaservices.com\/wp-content\/uploads\/2023\/12\/semi-truck-transportation-768x513.jpg 768w, https:\/\/logasaservices.com\/wp-content\/uploads\/2023\/12\/semi-truck-transportation-1536x1025.jpg 1536w\" sizes=\"(max-width: 2000px) 100vw, 2000px\" \/>\t\t\t\t\t\t\t\t\t\t\t\t\t\t\t<\/div>\n\t\t\t\t<\/div>\n\t\t\t\t<\/div>\n\t\t\t\t\t<\/div>\n\t\t\t\t<\/div>\n\t\t\t\t<\/div>","protected":false},"excerpt":{"rendered":"<p>OUR SERVICES MCS150 Why is the Motor Carrier Identification Report (MSC-150) necessary? The MSC-150 form is a specialized document necessary for submitting or revising your USDOT number. FMCSA obligates you to complete this form and refresh your details every two years. If your business has ceased operations, submitting the MSC-150 is required to inform FMCSA. [&hellip;]<\/p>","protected":false},"author":1,"featured_media":256,"parent":12,"menu_order":2,"comment_status":"closed","ping_status":"closed","template":"","meta":{"footnotes":""},"class_list":["post-174","page","type-page","status-publish","has-post-thumbnail","hentry"],"yoast_head":"<!-- This site is optimized with the Yoast SEO plugin v26.9 - https:\/\/yoast.com\/product\/yoast-seo-wordpress\/ -->\n<title>Biennial Update - Logasa<\/title>\n<meta name=\"robots\" content=\"index, follow, max-snippet:-1, max-image-preview:large, max-video-preview:-1\" \/>\n<link rel=\"canonical\" href=\"https:\/\/logasaservices.com\/es\/services\/biennial-update\/\" \/>\n<meta property=\"og:locale\" content=\"es_MX\" \/>\n<meta property=\"og:type\" content=\"article\" \/>\n<meta property=\"og:title\" content=\"Biennial Update - Logasa\" \/>\n<meta property=\"og:description\" content=\"OUR SERVICES MCS150 Why is the Motor Carrier Identification Report (MSC-150) necessary? The MSC-150 form is a specialized document necessary for submitting or revising your USDOT number. FMCSA obligates you to complete this form and refresh your details every two years. If your business has ceased operations, submitting the MSC-150 is required to inform FMCSA. [&hellip;]\" \/>\n<meta property=\"og:url\" content=\"https:\/\/logasaservices.com\/es\/services\/biennial-update\/\" \/>\n<meta property=\"og:site_name\" content=\"Logasa\" \/>\n<meta property=\"article:modified_time\" content=\"2023-12-27T22:15:12+00:00\" \/>\n<meta property=\"og:image\" content=\"https:\/\/logasaservices.com\/wp-content\/uploads\/2023\/12\/semi-truck-transportation.jpg\" \/>\n\t<meta property=\"og:image:width\" content=\"2000\" \/>\n\t<meta property=\"og:image:height\" content=\"1335\" \/>\n\t<meta property=\"og:image:type\" content=\"image\/jpeg\" \/>\n<meta name=\"twitter:card\" content=\"summary_large_image\" \/>\n<meta name=\"twitter:label1\" content=\"Tiempo de lectura\" \/>\n\t<meta name=\"twitter:data1\" content=\"1 minuto\" \/>\n<script type=\"application\/ld+json\" class=\"yoast-schema-graph\">{\"@context\":\"https:\/\/schema.org\",\"@graph\":[{\"@type\":\"WebPage\",\"@id\":\"https:\/\/logasaservices.com\/services\/biennial-update\/\",\"url\":\"https:\/\/logasaservices.com\/services\/biennial-update\/\",\"name\":\"Biennial Update - Logasa\",\"isPartOf\":{\"@id\":\"https:\/\/logasaservices.com\/#website\"},\"primaryImageOfPage\":{\"@id\":\"https:\/\/logasaservices.com\/services\/biennial-update\/#primaryimage\"},\"image\":{\"@id\":\"https:\/\/logasaservices.com\/services\/biennial-update\/#primaryimage\"},\"thumbnailUrl\":\"https:\/\/logasaservices.com\/wp-content\/uploads\/2023\/12\/semi-truck-transportation.jpg\",\"datePublished\":\"2023-12-07T22:48:26+00:00\",\"dateModified\":\"2023-12-27T22:15:12+00:00\",\"breadcrumb\":{\"@id\":\"https:\/\/logasaservices.com\/services\/biennial-update\/#breadcrumb\"},\"inLanguage\":\"es\",\"potentialAction\":[{\"@type\":\"ReadAction\",\"target\":[\"https:\/\/logasaservices.com\/services\/biennial-update\/\"]}]},{\"@type\":\"ImageObject\",\"inLanguage\":\"es\",\"@id\":\"https:\/\/logasaservices.com\/services\/biennial-update\/#primaryimage\",\"url\":\"https:\/\/logasaservices.com\/wp-content\/uploads\/2023\/12\/semi-truck-transportation.jpg\",\"contentUrl\":\"https:\/\/logasaservices.com\/wp-content\/uploads\/2023\/12\/semi-truck-transportation.jpg\",\"width\":2000,\"height\":1335,\"caption\":\"Semi Truck Transportation\"},{\"@type\":\"BreadcrumbList\",\"@id\":\"https:\/\/logasaservices.com\/services\/biennial-update\/#breadcrumb\",\"itemListElement\":[{\"@type\":\"ListItem\",\"position\":1,\"name\":\"Home\",\"item\":\"https:\/\/logasaservices.com\/\"},{\"@type\":\"ListItem\",\"position\":2,\"name\":\"Services\",\"item\":\"https:\/\/logasaservices.com\/services\/\"},{\"@type\":\"ListItem\",\"position\":3,\"name\":\"Biennial Update\"}]},{\"@type\":\"WebSite\",\"@id\":\"https:\/\/logasaservices.com\/#website\",\"url\":\"https:\/\/logasaservices.com\/\",\"name\":\"Logasa\",\"description\":\"\",\"publisher\":{\"@id\":\"https:\/\/logasaservices.com\/#organization\"},\"potentialAction\":[{\"@type\":\"SearchAction\",\"target\":{\"@type\":\"EntryPoint\",\"urlTemplate\":\"https:\/\/logasaservices.com\/?s={search_term_string}\"},\"query-input\":{\"@type\":\"PropertyValueSpecification\",\"valueRequired\":true,\"valueName\":\"search_term_string\"}}],\"inLanguage\":\"es\"},{\"@type\":\"Organization\",\"@id\":\"https:\/\/logasaservices.com\/#organization\",\"name\":\"Logasa\",\"url\":\"https:\/\/logasaservices.com\/\",\"logo\":{\"@type\":\"ImageObject\",\"inLanguage\":\"es\",\"@id\":\"https:\/\/logasaservices.com\/#\/schema\/logo\/image\/\",\"url\":\"https:\/\/logasaservices.com\/wp-content\/uploads\/2023\/12\/logo.png\",\"contentUrl\":\"https:\/\/logasaservices.com\/wp-content\/uploads\/2023\/12\/logo.png\",\"width\":179,\"height\":43,\"caption\":\"Logasa\"},\"image\":{\"@id\":\"https:\/\/logasaservices.com\/#\/schema\/logo\/image\/\"}}]}<\/script>\n<!-- \/ Yoast SEO plugin. -->","yoast_head_json":{"title":"Biennial Update - Logasa","robots":{"index":"index","follow":"follow","max-snippet":"max-snippet:-1","max-image-preview":"max-image-preview:large","max-video-preview":"max-video-preview:-1"},"canonical":"https:\/\/logasaservices.com\/es\/services\/biennial-update\/","og_locale":"es_MX","og_type":"article","og_title":"Biennial Update - Logasa","og_description":"OUR SERVICES MCS150 Why is the Motor Carrier Identification Report (MSC-150) necessary? The MSC-150 form is a specialized document necessary for submitting or revising your USDOT number. FMCSA obligates you to complete this form and refresh your details every two years. If your business has ceased operations, submitting the MSC-150 is required to inform FMCSA. [&hellip;]","og_url":"https:\/\/logasaservices.com\/es\/services\/biennial-update\/","og_site_name":"Logasa","article_modified_time":"2023-12-27T22:15:12+00:00","og_image":[{"width":2000,"height":1335,"url":"https:\/\/logasaservices.com\/wp-content\/uploads\/2023\/12\/semi-truck-transportation.jpg","type":"image\/jpeg"}],"twitter_card":"summary_large_image","twitter_misc":{"Tiempo de lectura":"1 minuto"},"schema":{"@context":"https:\/\/schema.org","@graph":[{"@type":"WebPage","@id":"https:\/\/logasaservices.com\/services\/biennial-update\/","url":"https:\/\/logasaservices.com\/services\/biennial-update\/","name":"Biennial Update - Logasa","isPartOf":{"@id":"https:\/\/logasaservices.com\/#website"},"primaryImageOfPage":{"@id":"https:\/\/logasaservices.com\/services\/biennial-update\/#primaryimage"},"image":{"@id":"https:\/\/logasaservices.com\/services\/biennial-update\/#primaryimage"},"thumbnailUrl":"https:\/\/logasaservices.com\/wp-content\/uploads\/2023\/12\/semi-truck-transportation.jpg","datePublished":"2023-12-07T22:48:26+00:00","dateModified":"2023-12-27T22:15:12+00:00","breadcrumb":{"@id":"https:\/\/logasaservices.com\/services\/biennial-update\/#breadcrumb"},"inLanguage":"es","potentialAction":[{"@type":"ReadAction","target":["https:\/\/logasaservices.com\/services\/biennial-update\/"]}]},{"@type":"ImageObject","inLanguage":"es","@id":"https:\/\/logasaservices.com\/services\/biennial-update\/#primaryimage","url":"https:\/\/logasaservices.com\/wp-content\/uploads\/2023\/12\/semi-truck-transportation.jpg","contentUrl":"https:\/\/logasaservices.com\/wp-content\/uploads\/2023\/12\/semi-truck-transportation.jpg","width":2000,"height":1335,"caption":"Semi Truck Transportation"},{"@type":"BreadcrumbList","@id":"https:\/\/logasaservices.com\/services\/biennial-update\/#breadcrumb","itemListElement":[{"@type":"ListItem","position":1,"name":"Home","item":"https:\/\/logasaservices.com\/"},{"@type":"ListItem","position":2,"name":"Services","item":"https:\/\/logasaservices.com\/services\/"},{"@type":"ListItem","position":3,"name":"Biennial Update"}]},{"@type":"WebSite","@id":"https:\/\/logasaservices.com\/#website","url":"https:\/\/logasaservices.com\/","name":"Logasa","description":"","publisher":{"@id":"https:\/\/logasaservices.com\/#organization"},"potentialAction":[{"@type":"SearchAction","target":{"@type":"EntryPoint","urlTemplate":"https:\/\/logasaservices.com\/?s={search_term_string}"},"query-input":{"@type":"PropertyValueSpecification","valueRequired":true,"valueName":"search_term_string"}}],"inLanguage":"es"},{"@type":"Organization","@id":"https:\/\/logasaservices.com\/#organization","name":"Logasa","url":"https:\/\/logasaservices.com\/","logo":{"@type":"ImageObject","inLanguage":"es","@id":"https:\/\/logasaservices.com\/#\/schema\/logo\/image\/","url":"https:\/\/logasaservices.com\/wp-content\/uploads\/2023\/12\/logo.png","contentUrl":"https:\/\/logasaservices.com\/wp-content\/uploads\/2023\/12\/logo.png","width":179,"height":43,"caption":"Logasa"},"image":{"@id":"https:\/\/logasaservices.com\/#\/schema\/logo\/image\/"}}]}},"_links":{"self":[{"href":"https:\/\/logasaservices.com\/es\/wp-json\/wp\/v2\/pages\/174","targetHints":{"allow":["GET"]}}],"collection":[{"href":"https:\/\/logasaservices.com\/es\/wp-json\/wp\/v2\/pages"}],"about":[{"href":"https:\/\/logasaservices.com\/es\/wp-json\/wp\/v2\/types\/page"}],"author":[{"embeddable":true,"href":"https:\/\/logasaservices.com\/es\/wp-json\/wp\/v2\/users\/1"}],"replies":[{"embeddable":true,"href":"https:\/\/logasaservices.com\/es\/wp-json\/wp\/v2\/comments?post=174"}],"version-history":[{"count":23,"href":"https:\/\/logasaservices.com\/es\/wp-json\/wp\/v2\/pages\/174\/revisions"}],"predecessor-version":[{"id":410,"href":"https:\/\/logasaservices.com\/es\/wp-json\/wp\/v2\/pages\/174\/revisions\/410"}],"up":[{"embeddable":true,"href":"https:\/\/logasaservices.com\/es\/wp-json\/wp\/v2\/pages\/12"}],"wp:featuredmedia":[{"embeddable":true,"href":"https:\/\/logasaservices.com\/es\/wp-json\/wp\/v2\/media\/256"}],"wp:attachment":[{"href":"https:\/\/logasaservices.com\/es\/wp-json\/wp\/v2\/media?parent=174"}],"curies":[{"name":"wp","href":"https:\/\/api.w.org\/{rel}","templated":true}]}}