{"id":176,"date":"2023-12-07T22:48:45","date_gmt":"2023-12-07T22:48:45","guid":{"rendered":"https:\/\/antiquewhite-seal-888350.hostingersite.com\/?page_id=176"},"modified":"2023-12-27T22:15:34","modified_gmt":"2023-12-27T22:15:34","slug":"drug-alcohol","status":"publish","type":"page","link":"https:\/\/logasaservices.com\/es\/services\/drug-alcohol\/","title":{"rendered":"Drogas y Alcohol"},"content":{"rendered":"<div data-elementor-type=\"wp-page\" data-elementor-id=\"176\" class=\"elementor elementor-176\" data-elementor-post-type=\"page\">\n\t\t\t\t<div class=\"elementor-element elementor-element-36aa699 e-flex e-con-boxed elementor-invisible e-con e-parent\" data-id=\"36aa699\" data-element_type=\"container\" data-e-type=\"container\" data-settings=\"{&quot;background_background&quot;:&quot;classic&quot;,&quot;animation&quot;:&quot;fadeIn&quot;}\">\n\t\t\t\t\t<div class=\"e-con-inner\">\n\t\t\t\t<div class=\"elementor-element elementor-element-2358ee4 elementor-widget elementor-widget-heading\" data-id=\"2358ee4\" data-element_type=\"widget\" data-e-type=\"widget\" data-widget_type=\"heading.default\">\n\t\t\t\t<div class=\"elementor-widget-container\">\n\t\t\t\t\t<h6 class=\"elementor-heading-title elementor-size-default\">\nNUESTROS SERVICIOS<\/h6>\t\t\t\t<\/div>\n\t\t\t\t<\/div>\n\t\t\t\t<div class=\"elementor-element elementor-element-81855f2 elementor-widget elementor-widget-heading\" data-id=\"81855f2\" data-element_type=\"widget\" data-e-type=\"widget\" data-widget_type=\"heading.default\">\n\t\t\t\t<div class=\"elementor-widget-container\">\n\t\t\t\t\t<h1 class=\"elementor-heading-title elementor-size-xxl\">Drogas y Alcohol<\/h1>\t\t\t\t<\/div>\n\t\t\t\t<\/div>\n\t\t\t\t\t<\/div>\n\t\t\t\t<\/div>\n\t\t<div class=\"elementor-element elementor-element-bd9d26d e-flex e-con-boxed elementor-invisible e-con e-parent\" data-id=\"bd9d26d\" data-element_type=\"container\" data-e-type=\"container\" data-settings=\"{&quot;animation&quot;:&quot;fadeIn&quot;}\">\n\t\t\t\t\t<div class=\"e-con-inner\">\n\t\t<div class=\"elementor-element elementor-element-d121707 e-flex e-con-boxed e-con e-child\" data-id=\"d121707\" data-element_type=\"container\" data-e-type=\"container\">\n\t\t\t\t\t<div class=\"e-con-inner\">\n\t\t\t\t<div class=\"elementor-element elementor-element-ddf20d6 elementor-widget-divider--view-line elementor-widget elementor-widget-divider\" data-id=\"ddf20d6\" data-element_type=\"widget\" data-e-type=\"widget\" data-widget_type=\"divider.default\">\n\t\t\t\t<div class=\"elementor-widget-container\">\n\t\t\t\t\t\t\t<div class=\"elementor-divider\">\n\t\t\t<span class=\"elementor-divider-separator\">\n\t\t\t\t\t\t<\/span>\n\t\t<\/div>\n\t\t\t\t\t\t<\/div>\n\t\t\t\t<\/div>\n\t\t\t\t<div class=\"elementor-element elementor-element-da97e1a elementor-widget elementor-widget-heading\" data-id=\"da97e1a\" data-element_type=\"widget\" data-e-type=\"widget\" data-widget_type=\"heading.default\">\n\t\t\t\t<div class=\"elementor-widget-container\">\n\t\t\t\t\t<h2 class=\"elementor-heading-title elementor-size-xl\">PUNTO Consorcio\n<\/h2>\t\t\t\t<\/div>\n\t\t\t\t<\/div>\n\t\t\t\t<div class=\"elementor-element elementor-element-5653f6a elementor-widget elementor-widget-text-editor\" data-id=\"5653f6a\" data-element_type=\"widget\" data-e-type=\"widget\" data-widget_type=\"text-editor.default\">\n\t\t\t\t<div class=\"elementor-widget-container\">\n\t\t\t\t\t\t\t\t\t<p><b>Descripci\u00f3n General De Centro De Informaci\u00f3n<\/b><\/p><p><span style=\"font-weight: 400;\">La Federal Motor Carrier Administration (FMCSA) ha establecido la Licencia de Conductor Comercial (CDL) de la Droga y el Alcohol centro de intercambio (Clearinghouse) de la base de datos para proporcionar acceso inmediato a los detalles relativos a infracciones relacionadas con el Departamento de Transporte (DOT) de sustancias controladas y alcohol programa de examen para licencia de conducir comercial de los operadores.<\/span><\/p><p><span style=\"font-weight: 400;\">El centro de informaci\u00f3n sirve como una base de datos nacional que requiere la presentaci\u00f3n de informes de casos vinculados a violaciones de drogas y alcohol normativas definidas en 49 del C\u00f3digo de Regulaciones Federales, Piezas de 40 y 382 por tanto de los actuales y potenciales empleadores.<\/span><\/p><p>\u00a0<\/p><p><b>FMCSA de Drogas y Alcohol Programa de Pruebas<\/b><\/p><p><span style=\"font-weight: 400;\">Para los individuos que operan los Veh\u00edculos Comerciales (Cmv) en virtud de una licencia de conducir comercial con un peso bruto vehicular superior a 26,001 lbs., obligatoria la inscripci\u00f3n en una tercera parte al azar pruebas de drogas y alcohol consorcio es un requisito. Es importante tener en cuenta que la posesi\u00f3n de una licencia de conducir comercial no autom\u00e1ticamente sujeto a un individuo a pruebas de drogas y alcohol en virtud de la FMCSA PUNTO del programa.\u00a0<\/span><\/p><p>\u00a0<\/p><p><b>FMCSA el Cumplimiento de los Requisitos Que Cae Bajo las Reglas?<\/b><\/p><p><span style=\"font-weight: 400;\">En l\u00ednea con las directivas de la FMCSA, cualquier persona que opera un Veh\u00edculo motorizado Comercial (CMV), como se indica en 382.107, para actividades que abarcan intraestatal o el comercio interestatal y est\u00e1 sujeto a la licencia de conducir comercial mandato bajo 49 CFR parte 383, se clasifica como un operador de un veh\u00edculo motorizado comercial.<\/span><\/p><p>\u00a0<\/p><p><b>FMCSA la Capacitaci\u00f3n exigida<\/b><\/p><p><span style=\"font-weight: 400;\">Seg\u00fan lo estipulado por el reglamento correspondiente, 49 CFR 382.603, los supervisores en la supervisi\u00f3n de los choferes de veh\u00edculos comerciales que operan veh\u00edculos que requieren una licencia de conducir comercial debe someterse a 60 minutos de entrenamiento se centr\u00f3 en el reconocimiento de los signos de abuso de alcohol y un adicional de 60 minutos dedicados a la identificaci\u00f3n de los signos de uso indebido de sustancias controladas (de un total de 120 minutos). Esta formaci\u00f3n prepara a los supervisores a identificar los escenarios y las se\u00f1ales que se pueden plantear una sospecha razonable de una licencia de uso de alcohol o drogas y los faculta para iniciar la prueba basada en la sospecha.<\/span><\/p><p>\u00a0<\/p><p><b>Pruebas de drogas y Alcohol Requisitos en Camiones Comerciales<\/b><\/p><ul><li style=\"font-weight: 400;\" aria-level=\"1\"><span style=\"font-weight: 400;\">Previa a la contrataci\u00f3n de la sustancia de detecci\u00f3n<\/span><\/li><li style=\"font-weight: 400;\" aria-level=\"1\"><span style=\"font-weight: 400;\">Post-colisi\u00f3n de evaluaci\u00f3n<\/span><\/li><li style=\"font-weight: 400;\" aria-level=\"1\"><span style=\"font-weight: 400;\">Impredecible Pruebas<\/span><\/li><li style=\"font-weight: 400;\" aria-level=\"1\"><span style=\"font-weight: 400;\">Prueba basada en la creencia razonable<\/span><\/li><li style=\"font-weight: 400;\" aria-level=\"1\"><span style=\"font-weight: 400;\">Restablecimiento de la Evaluaci\u00f3n<\/span><\/li><li style=\"font-weight: 400;\" aria-level=\"1\"><span style=\"font-weight: 400;\">Pr\u00f3ximas pruebas de obligaciones<\/span><\/li><\/ul>\t\t\t\t\t\t\t\t<\/div>\n\t\t\t\t<\/div>\n\t\t\t\t<div class=\"elementor-element elementor-element-f78e72f elementor-widget-divider--view-line elementor-widget elementor-widget-divider\" data-id=\"f78e72f\" data-element_type=\"widget\" data-e-type=\"widget\" data-widget_type=\"divider.default\">\n\t\t\t\t<div class=\"elementor-widget-container\">\n\t\t\t\t\t\t\t<div class=\"elementor-divider\">\n\t\t\t<span class=\"elementor-divider-separator\">\n\t\t\t\t\t\t<\/span>\n\t\t<\/div>\n\t\t\t\t\t\t<\/div>\n\t\t\t\t<\/div>\n\t\t\t\t\t<\/div>\n\t\t\t\t<\/div>\n\t\t<div class=\"elementor-element elementor-element-9be986a e-con-full e-flex e-con e-child\" data-id=\"9be986a\" data-element_type=\"container\" data-e-type=\"container\" data-settings=\"{&quot;sticky&quot;:&quot;top&quot;,&quot;sticky_offset&quot;:100,&quot;sticky_parent&quot;:&quot;yes&quot;,&quot;sticky_on&quot;:[&quot;desktop&quot;,&quot;tablet&quot;,&quot;mobile&quot;],&quot;sticky_effects_offset&quot;:0,&quot;sticky_anchor_link_offset&quot;:0}\">\n\t\t\t\t<div class=\"elementor-element elementor-element-7755b1b elementor-widget elementor-widget-image\" data-id=\"7755b1b\" data-element_type=\"widget\" data-e-type=\"widget\" data-widget_type=\"image.default\">\n\t\t\t\t<div class=\"elementor-widget-container\">\n\t\t\t\t\t\t\t\t\t\t\t\t\t\t\t<img fetchpriority=\"high\" decoding=\"async\" width=\"780\" height=\"530\" src=\"https:\/\/logasaservices.com\/wp-content\/uploads\/2023\/12\/ho-1.png\" class=\"attachment-full size-full wp-image-45\" alt=\"\" srcset=\"https:\/\/logasaservices.com\/wp-content\/uploads\/2023\/12\/ho-1.png 780w, https:\/\/logasaservices.com\/wp-content\/uploads\/2023\/12\/ho-1-300x204.png 300w, https:\/\/logasaservices.com\/wp-content\/uploads\/2023\/12\/ho-1-768x522.png 768w\" sizes=\"(max-width: 780px) 100vw, 780px\" \/>\t\t\t\t\t\t\t\t\t\t\t\t\t\t\t<\/div>\n\t\t\t\t<\/div>\n\t\t\t\t<\/div>\n\t\t\t\t\t<\/div>\n\t\t\t\t<\/div>\n\t\t\t\t<\/div>","protected":false},"excerpt":{"rendered":"<p>OUR SERVICES DOT Consortium Clearinghouse Overview The Federal Motor Carrier Administration (FMCSA) has established the Commercial Driver License (CDL) Drug and Alcohol Clearinghouse (Clearinghouse) database to provide immediate access to details concerning infractions related to the U.S. Department of Transportation (DOT) controlled substances and alcohol screening program for CDL operators. The Clearinghouse serves as a [&hellip;]<\/p>","protected":false},"author":1,"featured_media":45,"parent":12,"menu_order":3,"comment_status":"closed","ping_status":"closed","template":"","meta":{"footnotes":""},"class_list":["post-176","page","type-page","status-publish","has-post-thumbnail","hentry"],"yoast_head":"<!-- This site is optimized with the Yoast SEO plugin v26.9 - https:\/\/yoast.com\/product\/yoast-seo-wordpress\/ -->\n<title>Drug &amp; Alcohol - Logasa<\/title>\n<meta name=\"robots\" content=\"index, follow, max-snippet:-1, max-image-preview:large, max-video-preview:-1\" \/>\n<link rel=\"canonical\" href=\"https:\/\/logasaservices.com\/es\/services\/drug-alcohol\/\" \/>\n<meta property=\"og:locale\" content=\"es_MX\" \/>\n<meta property=\"og:type\" content=\"article\" \/>\n<meta property=\"og:title\" content=\"Drug &amp; Alcohol - Logasa\" \/>\n<meta property=\"og:description\" content=\"OUR SERVICES DOT Consortium Clearinghouse Overview The Federal Motor Carrier Administration (FMCSA) has established the Commercial Driver License (CDL) Drug and Alcohol Clearinghouse (Clearinghouse) database to provide immediate access to details concerning infractions related to the U.S. Department of Transportation (DOT) controlled substances and alcohol screening program for CDL operators. The Clearinghouse serves as a [&hellip;]\" \/>\n<meta property=\"og:url\" content=\"https:\/\/logasaservices.com\/es\/services\/drug-alcohol\/\" \/>\n<meta property=\"og:site_name\" content=\"Logasa\" \/>\n<meta property=\"article:modified_time\" content=\"2023-12-27T22:15:34+00:00\" \/>\n<meta property=\"og:image\" content=\"https:\/\/logasaservices.com\/wp-content\/uploads\/2023\/12\/ho-1.png\" \/>\n\t<meta property=\"og:image:width\" content=\"780\" \/>\n\t<meta property=\"og:image:height\" content=\"530\" \/>\n\t<meta property=\"og:image:type\" content=\"image\/png\" \/>\n<meta name=\"twitter:card\" content=\"summary_large_image\" \/>\n<meta name=\"twitter:label1\" content=\"Tiempo de lectura\" \/>\n\t<meta name=\"twitter:data1\" content=\"1 minuto\" \/>\n<script type=\"application\/ld+json\" class=\"yoast-schema-graph\">{\"@context\":\"https:\/\/schema.org\",\"@graph\":[{\"@type\":\"WebPage\",\"@id\":\"https:\/\/logasaservices.com\/services\/drug-alcohol\/\",\"url\":\"https:\/\/logasaservices.com\/services\/drug-alcohol\/\",\"name\":\"Drug &amp; Alcohol - Logasa\",\"isPartOf\":{\"@id\":\"https:\/\/logasaservices.com\/#website\"},\"primaryImageOfPage\":{\"@id\":\"https:\/\/logasaservices.com\/services\/drug-alcohol\/#primaryimage\"},\"image\":{\"@id\":\"https:\/\/logasaservices.com\/services\/drug-alcohol\/#primaryimage\"},\"thumbnailUrl\":\"https:\/\/logasaservices.com\/wp-content\/uploads\/2023\/12\/ho-1.png\",\"datePublished\":\"2023-12-07T22:48:45+00:00\",\"dateModified\":\"2023-12-27T22:15:34+00:00\",\"breadcrumb\":{\"@id\":\"https:\/\/logasaservices.com\/services\/drug-alcohol\/#breadcrumb\"},\"inLanguage\":\"es\",\"potentialAction\":[{\"@type\":\"ReadAction\",\"target\":[\"https:\/\/logasaservices.com\/services\/drug-alcohol\/\"]}]},{\"@type\":\"ImageObject\",\"inLanguage\":\"es\",\"@id\":\"https:\/\/logasaservices.com\/services\/drug-alcohol\/#primaryimage\",\"url\":\"https:\/\/logasaservices.com\/wp-content\/uploads\/2023\/12\/ho-1.png\",\"contentUrl\":\"https:\/\/logasaservices.com\/wp-content\/uploads\/2023\/12\/ho-1.png\",\"width\":780,\"height\":530},{\"@type\":\"BreadcrumbList\",\"@id\":\"https:\/\/logasaservices.com\/services\/drug-alcohol\/#breadcrumb\",\"itemListElement\":[{\"@type\":\"ListItem\",\"position\":1,\"name\":\"Home\",\"item\":\"https:\/\/logasaservices.com\/\"},{\"@type\":\"ListItem\",\"position\":2,\"name\":\"Services\",\"item\":\"https:\/\/logasaservices.com\/services\/\"},{\"@type\":\"ListItem\",\"position\":3,\"name\":\"Drug &amp; Alcohol\"}]},{\"@type\":\"WebSite\",\"@id\":\"https:\/\/logasaservices.com\/#website\",\"url\":\"https:\/\/logasaservices.com\/\",\"name\":\"Logasa\",\"description\":\"\",\"publisher\":{\"@id\":\"https:\/\/logasaservices.com\/#organization\"},\"potentialAction\":[{\"@type\":\"SearchAction\",\"target\":{\"@type\":\"EntryPoint\",\"urlTemplate\":\"https:\/\/logasaservices.com\/?s={search_term_string}\"},\"query-input\":{\"@type\":\"PropertyValueSpecification\",\"valueRequired\":true,\"valueName\":\"search_term_string\"}}],\"inLanguage\":\"es\"},{\"@type\":\"Organization\",\"@id\":\"https:\/\/logasaservices.com\/#organization\",\"name\":\"Logasa\",\"url\":\"https:\/\/logasaservices.com\/\",\"logo\":{\"@type\":\"ImageObject\",\"inLanguage\":\"es\",\"@id\":\"https:\/\/logasaservices.com\/#\/schema\/logo\/image\/\",\"url\":\"https:\/\/logasaservices.com\/wp-content\/uploads\/2023\/12\/logo.png\",\"contentUrl\":\"https:\/\/logasaservices.com\/wp-content\/uploads\/2023\/12\/logo.png\",\"width\":179,\"height\":43,\"caption\":\"Logasa\"},\"image\":{\"@id\":\"https:\/\/logasaservices.com\/#\/schema\/logo\/image\/\"}}]}<\/script>\n<!-- \/ Yoast SEO plugin. -->","yoast_head_json":{"title":"Drug &amp; Alcohol - Logasa","robots":{"index":"index","follow":"follow","max-snippet":"max-snippet:-1","max-image-preview":"max-image-preview:large","max-video-preview":"max-video-preview:-1"},"canonical":"https:\/\/logasaservices.com\/es\/services\/drug-alcohol\/","og_locale":"es_MX","og_type":"article","og_title":"Drug &amp; Alcohol - Logasa","og_description":"OUR SERVICES DOT Consortium Clearinghouse Overview The Federal Motor Carrier Administration (FMCSA) has established the Commercial Driver License (CDL) Drug and Alcohol Clearinghouse (Clearinghouse) database to provide immediate access to details concerning infractions related to the U.S. Department of Transportation (DOT) controlled substances and alcohol screening program for CDL operators. The Clearinghouse serves as a [&hellip;]","og_url":"https:\/\/logasaservices.com\/es\/services\/drug-alcohol\/","og_site_name":"Logasa","article_modified_time":"2023-12-27T22:15:34+00:00","og_image":[{"width":780,"height":530,"url":"https:\/\/logasaservices.com\/wp-content\/uploads\/2023\/12\/ho-1.png","type":"image\/png"}],"twitter_card":"summary_large_image","twitter_misc":{"Tiempo de lectura":"1 minuto"},"schema":{"@context":"https:\/\/schema.org","@graph":[{"@type":"WebPage","@id":"https:\/\/logasaservices.com\/services\/drug-alcohol\/","url":"https:\/\/logasaservices.com\/services\/drug-alcohol\/","name":"Drug &amp; Alcohol - Logasa","isPartOf":{"@id":"https:\/\/logasaservices.com\/#website"},"primaryImageOfPage":{"@id":"https:\/\/logasaservices.com\/services\/drug-alcohol\/#primaryimage"},"image":{"@id":"https:\/\/logasaservices.com\/services\/drug-alcohol\/#primaryimage"},"thumbnailUrl":"https:\/\/logasaservices.com\/wp-content\/uploads\/2023\/12\/ho-1.png","datePublished":"2023-12-07T22:48:45+00:00","dateModified":"2023-12-27T22:15:34+00:00","breadcrumb":{"@id":"https:\/\/logasaservices.com\/services\/drug-alcohol\/#breadcrumb"},"inLanguage":"es","potentialAction":[{"@type":"ReadAction","target":["https:\/\/logasaservices.com\/services\/drug-alcohol\/"]}]},{"@type":"ImageObject","inLanguage":"es","@id":"https:\/\/logasaservices.com\/services\/drug-alcohol\/#primaryimage","url":"https:\/\/logasaservices.com\/wp-content\/uploads\/2023\/12\/ho-1.png","contentUrl":"https:\/\/logasaservices.com\/wp-content\/uploads\/2023\/12\/ho-1.png","width":780,"height":530},{"@type":"BreadcrumbList","@id":"https:\/\/logasaservices.com\/services\/drug-alcohol\/#breadcrumb","itemListElement":[{"@type":"ListItem","position":1,"name":"Home","item":"https:\/\/logasaservices.com\/"},{"@type":"ListItem","position":2,"name":"Services","item":"https:\/\/logasaservices.com\/services\/"},{"@type":"ListItem","position":3,"name":"Drug &amp; Alcohol"}]},{"@type":"WebSite","@id":"https:\/\/logasaservices.com\/#website","url":"https:\/\/logasaservices.com\/","name":"Logasa","description":"","publisher":{"@id":"https:\/\/logasaservices.com\/#organization"},"potentialAction":[{"@type":"SearchAction","target":{"@type":"EntryPoint","urlTemplate":"https:\/\/logasaservices.com\/?s={search_term_string}"},"query-input":{"@type":"PropertyValueSpecification","valueRequired":true,"valueName":"search_term_string"}}],"inLanguage":"es"},{"@type":"Organization","@id":"https:\/\/logasaservices.com\/#organization","name":"Logasa","url":"https:\/\/logasaservices.com\/","logo":{"@type":"ImageObject","inLanguage":"es","@id":"https:\/\/logasaservices.com\/#\/schema\/logo\/image\/","url":"https:\/\/logasaservices.com\/wp-content\/uploads\/2023\/12\/logo.png","contentUrl":"https:\/\/logasaservices.com\/wp-content\/uploads\/2023\/12\/logo.png","width":179,"height":43,"caption":"Logasa"},"image":{"@id":"https:\/\/logasaservices.com\/#\/schema\/logo\/image\/"}}]}},"_links":{"self":[{"href":"https:\/\/logasaservices.com\/es\/wp-json\/wp\/v2\/pages\/176","targetHints":{"allow":["GET"]}}],"collection":[{"href":"https:\/\/logasaservices.com\/es\/wp-json\/wp\/v2\/pages"}],"about":[{"href":"https:\/\/logasaservices.com\/es\/wp-json\/wp\/v2\/types\/page"}],"author":[{"embeddable":true,"href":"https:\/\/logasaservices.com\/es\/wp-json\/wp\/v2\/users\/1"}],"replies":[{"embeddable":true,"href":"https:\/\/logasaservices.com\/es\/wp-json\/wp\/v2\/comments?post=176"}],"version-history":[{"count":23,"href":"https:\/\/logasaservices.com\/es\/wp-json\/wp\/v2\/pages\/176\/revisions"}],"predecessor-version":[{"id":416,"href":"https:\/\/logasaservices.com\/es\/wp-json\/wp\/v2\/pages\/176\/revisions\/416"}],"up":[{"embeddable":true,"href":"https:\/\/logasaservices.com\/es\/wp-json\/wp\/v2\/pages\/12"}],"wp:featuredmedia":[{"embeddable":true,"href":"https:\/\/logasaservices.com\/es\/wp-json\/wp\/v2\/media\/45"}],"wp:attachment":[{"href":"https:\/\/logasaservices.com\/es\/wp-json\/wp\/v2\/media?parent=176"}],"curies":[{"name":"wp","href":"https:\/\/api.w.org\/{rel}","templated":true}]}}