{"id":178,"date":"2023-12-07T22:49:04","date_gmt":"2023-12-07T22:49:04","guid":{"rendered":"https:\/\/antiquewhite-seal-888350.hostingersite.com\/?page_id=178"},"modified":"2023-12-27T22:15:46","modified_gmt":"2023-12-27T22:15:46","slug":"reasonable-suspicion","status":"publish","type":"page","link":"https:\/\/logasaservices.com\/es\/services\/reasonable-suspicion\/","title":{"rendered":"Sospecha Razonable"},"content":{"rendered":"<div data-elementor-type=\"wp-page\" data-elementor-id=\"178\" class=\"elementor elementor-178\" data-elementor-post-type=\"page\">\n\t\t\t\t<div class=\"elementor-element elementor-element-9a5bc86 e-flex e-con-boxed elementor-invisible e-con e-parent\" data-id=\"9a5bc86\" data-element_type=\"container\" data-e-type=\"container\" data-settings=\"{&quot;background_background&quot;:&quot;classic&quot;,&quot;animation&quot;:&quot;fadeIn&quot;}\">\n\t\t\t\t\t<div class=\"e-con-inner\">\n\t\t\t\t<div class=\"elementor-element elementor-element-c040704 elementor-widget elementor-widget-heading\" data-id=\"c040704\" data-element_type=\"widget\" data-e-type=\"widget\" data-widget_type=\"heading.default\">\n\t\t\t\t<div class=\"elementor-widget-container\">\n\t\t\t\t\t<h6 class=\"elementor-heading-title elementor-size-default\">\nNUESTROS SERVICIOS<\/h6>\t\t\t\t<\/div>\n\t\t\t\t<\/div>\n\t\t\t\t<div class=\"elementor-element elementor-element-84730bb elementor-widget elementor-widget-heading\" data-id=\"84730bb\" data-element_type=\"widget\" data-e-type=\"widget\" data-widget_type=\"heading.default\">\n\t\t\t\t<div class=\"elementor-widget-container\">\n\t\t\t\t\t<h1 class=\"elementor-heading-title elementor-size-xxl\">Sospecha Razonable<\/h1>\t\t\t\t<\/div>\n\t\t\t\t<\/div>\n\t\t\t\t\t<\/div>\n\t\t\t\t<\/div>\n\t\t<div class=\"elementor-element elementor-element-b13c7c4 e-flex e-con-boxed elementor-invisible e-con e-parent\" data-id=\"b13c7c4\" data-element_type=\"container\" data-e-type=\"container\" data-settings=\"{&quot;animation&quot;:&quot;fadeIn&quot;}\">\n\t\t\t\t\t<div class=\"e-con-inner\">\n\t\t<div class=\"elementor-element elementor-element-9f1f3a7 e-flex e-con-boxed e-con e-child\" data-id=\"9f1f3a7\" data-element_type=\"container\" data-e-type=\"container\">\n\t\t\t\t\t<div class=\"e-con-inner\">\n\t\t\t\t<div class=\"elementor-element elementor-element-bb74dd2 elementor-widget-divider--view-line elementor-widget elementor-widget-divider\" data-id=\"bb74dd2\" data-element_type=\"widget\" data-e-type=\"widget\" data-widget_type=\"divider.default\">\n\t\t\t\t<div class=\"elementor-widget-container\">\n\t\t\t\t\t\t\t<div class=\"elementor-divider\">\n\t\t\t<span class=\"elementor-divider-separator\">\n\t\t\t\t\t\t<\/span>\n\t\t<\/div>\n\t\t\t\t\t\t<\/div>\n\t\t\t\t<\/div>\n\t\t\t\t<div class=\"elementor-element elementor-element-ea8d7d9 elementor-widget elementor-widget-heading\" data-id=\"ea8d7d9\" data-element_type=\"widget\" data-e-type=\"widget\" data-widget_type=\"heading.default\">\n\t\t\t\t<div class=\"elementor-widget-container\">\n\t\t\t\t\t<h2 class=\"elementor-heading-title elementor-size-xl\">Formaci\u00f3n de Supervisores de la sospecha razonable\n<\/h2>\t\t\t\t<\/div>\n\t\t\t\t<\/div>\n\t\t\t\t<div class=\"elementor-element elementor-element-ee9bff7 elementor-widget elementor-widget-text-editor\" data-id=\"ee9bff7\" data-element_type=\"widget\" data-e-type=\"widget\" data-widget_type=\"text-editor.default\">\n\t\t\t\t<div class=\"elementor-widget-container\">\n\t\t\t\t\t\t\t\t\t<p><span style=\"font-weight: 400;\">Seg\u00fan lo estipulado por la Federal Motor Carrier Safety Administration, si una persona conduce un veh\u00edculo con un peso bruto superando 26,000 libras, lo que exige una licencia de conducir comercial (CDL), O si el veh\u00edculo est\u00e1 dise\u00f1ado para 16 pasajeros o m\u00e1s, incluido el conductor (con iglesias y organizaciones sin fines de lucro no est\u00e1n exentos), a continuaci\u00f3n, el controlador debe estar inscrito en una prueba de alcohol y droga del programa cumple con las regulaciones del DOT. Nosotros, que opera bajo el legal y de promoci\u00f3n de competencia de USDOT Cumplimiento, son precisamente tal PUNTO compatible con drogas y alcohol programa de pruebas.<\/span><\/p>\t\t\t\t\t\t\t\t<\/div>\n\t\t\t\t<\/div>\n\t\t\t\t<div class=\"elementor-element elementor-element-0b9d741 elementor-widget-divider--view-line elementor-widget elementor-widget-divider\" data-id=\"0b9d741\" data-element_type=\"widget\" data-e-type=\"widget\" data-widget_type=\"divider.default\">\n\t\t\t\t<div class=\"elementor-widget-container\">\n\t\t\t\t\t\t\t<div class=\"elementor-divider\">\n\t\t\t<span class=\"elementor-divider-separator\">\n\t\t\t\t\t\t<\/span>\n\t\t<\/div>\n\t\t\t\t\t\t<\/div>\n\t\t\t\t<\/div>\n\t\t\t\t\t<\/div>\n\t\t\t\t<\/div>\n\t\t<div class=\"elementor-element elementor-element-52f176d e-con-full e-flex e-con e-child\" data-id=\"52f176d\" data-element_type=\"container\" data-e-type=\"container\" data-settings=\"{&quot;sticky&quot;:&quot;top&quot;,&quot;sticky_offset&quot;:100,&quot;sticky_parent&quot;:&quot;yes&quot;,&quot;sticky_on&quot;:[&quot;desktop&quot;,&quot;tablet&quot;,&quot;mobile&quot;],&quot;sticky_effects_offset&quot;:0,&quot;sticky_anchor_link_offset&quot;:0}\">\n\t\t\t\t<div class=\"elementor-element elementor-element-3a3420d elementor-widget elementor-widget-image\" data-id=\"3a3420d\" data-element_type=\"widget\" data-e-type=\"widget\" data-widget_type=\"image.default\">\n\t\t\t\t<div class=\"elementor-widget-container\">\n\t\t\t\t\t\t\t\t\t\t\t\t\t\t\t<img fetchpriority=\"high\" decoding=\"async\" width=\"2000\" height=\"1333\" src=\"https:\/\/logasaservices.com\/wp-content\/uploads\/2023\/12\/smiling-man-in-a-car-posing-for-the-camera.jpg\" class=\"attachment-full size-full wp-image-257\" alt=\"Smiling man in a car posing for the camera\" srcset=\"https:\/\/logasaservices.com\/wp-content\/uploads\/2023\/12\/smiling-man-in-a-car-posing-for-the-camera.jpg 2000w, https:\/\/logasaservices.com\/wp-content\/uploads\/2023\/12\/smiling-man-in-a-car-posing-for-the-camera-300x200.jpg 300w, https:\/\/logasaservices.com\/wp-content\/uploads\/2023\/12\/smiling-man-in-a-car-posing-for-the-camera-1024x682.jpg 1024w, https:\/\/logasaservices.com\/wp-content\/uploads\/2023\/12\/smiling-man-in-a-car-posing-for-the-camera-768x512.jpg 768w, https:\/\/logasaservices.com\/wp-content\/uploads\/2023\/12\/smiling-man-in-a-car-posing-for-the-camera-1536x1024.jpg 1536w\" sizes=\"(max-width: 2000px) 100vw, 2000px\" \/>\t\t\t\t\t\t\t\t\t\t\t\t\t\t\t<\/div>\n\t\t\t\t<\/div>\n\t\t\t\t<\/div>\n\t\t\t\t\t<\/div>\n\t\t\t\t<\/div>\n\t\t\t\t<\/div>","protected":false},"excerpt":{"rendered":"<p>OUR SERVICES Supervisor Training Reasonable Suspicion As stipulated by the Federal Motor Carrier Safety Administration, if an individual operates a vehicle with a gross weight surpassing 26,000 lbs, necessitating a commercial driver&#8217;s license (CDL), OR if the vehicle is designed for 16 or more passengers, including the driver (with churches and non-profit organizations not being [&hellip;]<\/p>","protected":false},"author":1,"featured_media":257,"parent":12,"menu_order":4,"comment_status":"closed","ping_status":"closed","template":"","meta":{"footnotes":""},"class_list":["post-178","page","type-page","status-publish","has-post-thumbnail","hentry"],"yoast_head":"<!-- This site is optimized with the Yoast SEO plugin v26.9 - https:\/\/yoast.com\/product\/yoast-seo-wordpress\/ -->\n<title>Reasonable Suspicion - Logasa<\/title>\n<meta name=\"robots\" content=\"index, follow, max-snippet:-1, max-image-preview:large, max-video-preview:-1\" \/>\n<link rel=\"canonical\" href=\"https:\/\/logasaservices.com\/es\/services\/reasonable-suspicion\/\" \/>\n<meta property=\"og:locale\" content=\"es_MX\" \/>\n<meta property=\"og:type\" content=\"article\" \/>\n<meta property=\"og:title\" content=\"Reasonable Suspicion - Logasa\" \/>\n<meta property=\"og:description\" content=\"OUR SERVICES Supervisor Training Reasonable Suspicion As stipulated by the Federal Motor Carrier Safety Administration, if an individual operates a vehicle with a gross weight surpassing 26,000 lbs, necessitating a commercial driver&#8217;s license (CDL), OR if the vehicle is designed for 16 or more passengers, including the driver (with churches and non-profit organizations not being [&hellip;]\" \/>\n<meta property=\"og:url\" content=\"https:\/\/logasaservices.com\/es\/services\/reasonable-suspicion\/\" \/>\n<meta property=\"og:site_name\" content=\"Logasa\" \/>\n<meta property=\"article:modified_time\" content=\"2023-12-27T22:15:46+00:00\" \/>\n<meta property=\"og:image\" content=\"https:\/\/logasaservices.com\/wp-content\/uploads\/2023\/12\/smiling-man-in-a-car-posing-for-the-camera.jpg\" \/>\n\t<meta property=\"og:image:width\" content=\"2000\" \/>\n\t<meta property=\"og:image:height\" content=\"1333\" \/>\n\t<meta property=\"og:image:type\" content=\"image\/jpeg\" \/>\n<meta name=\"twitter:card\" content=\"summary_large_image\" \/>\n<script type=\"application\/ld+json\" class=\"yoast-schema-graph\">{\"@context\":\"https:\/\/schema.org\",\"@graph\":[{\"@type\":\"WebPage\",\"@id\":\"https:\/\/logasaservices.com\/services\/reasonable-suspicion\/\",\"url\":\"https:\/\/logasaservices.com\/services\/reasonable-suspicion\/\",\"name\":\"Reasonable Suspicion - Logasa\",\"isPartOf\":{\"@id\":\"https:\/\/logasaservices.com\/#website\"},\"primaryImageOfPage\":{\"@id\":\"https:\/\/logasaservices.com\/services\/reasonable-suspicion\/#primaryimage\"},\"image\":{\"@id\":\"https:\/\/logasaservices.com\/services\/reasonable-suspicion\/#primaryimage\"},\"thumbnailUrl\":\"https:\/\/logasaservices.com\/wp-content\/uploads\/2023\/12\/smiling-man-in-a-car-posing-for-the-camera.jpg\",\"datePublished\":\"2023-12-07T22:49:04+00:00\",\"dateModified\":\"2023-12-27T22:15:46+00:00\",\"breadcrumb\":{\"@id\":\"https:\/\/logasaservices.com\/services\/reasonable-suspicion\/#breadcrumb\"},\"inLanguage\":\"es\",\"potentialAction\":[{\"@type\":\"ReadAction\",\"target\":[\"https:\/\/logasaservices.com\/services\/reasonable-suspicion\/\"]}]},{\"@type\":\"ImageObject\",\"inLanguage\":\"es\",\"@id\":\"https:\/\/logasaservices.com\/services\/reasonable-suspicion\/#primaryimage\",\"url\":\"https:\/\/logasaservices.com\/wp-content\/uploads\/2023\/12\/smiling-man-in-a-car-posing-for-the-camera.jpg\",\"contentUrl\":\"https:\/\/logasaservices.com\/wp-content\/uploads\/2023\/12\/smiling-man-in-a-car-posing-for-the-camera.jpg\",\"width\":2000,\"height\":1333,\"caption\":\"Smiling man in a car posing for the camera\"},{\"@type\":\"BreadcrumbList\",\"@id\":\"https:\/\/logasaservices.com\/services\/reasonable-suspicion\/#breadcrumb\",\"itemListElement\":[{\"@type\":\"ListItem\",\"position\":1,\"name\":\"Home\",\"item\":\"https:\/\/logasaservices.com\/\"},{\"@type\":\"ListItem\",\"position\":2,\"name\":\"Services\",\"item\":\"https:\/\/logasaservices.com\/services\/\"},{\"@type\":\"ListItem\",\"position\":3,\"name\":\"Reasonable Suspicion\"}]},{\"@type\":\"WebSite\",\"@id\":\"https:\/\/logasaservices.com\/#website\",\"url\":\"https:\/\/logasaservices.com\/\",\"name\":\"Logasa\",\"description\":\"\",\"publisher\":{\"@id\":\"https:\/\/logasaservices.com\/#organization\"},\"potentialAction\":[{\"@type\":\"SearchAction\",\"target\":{\"@type\":\"EntryPoint\",\"urlTemplate\":\"https:\/\/logasaservices.com\/?s={search_term_string}\"},\"query-input\":{\"@type\":\"PropertyValueSpecification\",\"valueRequired\":true,\"valueName\":\"search_term_string\"}}],\"inLanguage\":\"es\"},{\"@type\":\"Organization\",\"@id\":\"https:\/\/logasaservices.com\/#organization\",\"name\":\"Logasa\",\"url\":\"https:\/\/logasaservices.com\/\",\"logo\":{\"@type\":\"ImageObject\",\"inLanguage\":\"es\",\"@id\":\"https:\/\/logasaservices.com\/#\/schema\/logo\/image\/\",\"url\":\"https:\/\/logasaservices.com\/wp-content\/uploads\/2023\/12\/logo.png\",\"contentUrl\":\"https:\/\/logasaservices.com\/wp-content\/uploads\/2023\/12\/logo.png\",\"width\":179,\"height\":43,\"caption\":\"Logasa\"},\"image\":{\"@id\":\"https:\/\/logasaservices.com\/#\/schema\/logo\/image\/\"}}]}<\/script>\n<!-- \/ Yoast SEO plugin. -->","yoast_head_json":{"title":"Reasonable Suspicion - Logasa","robots":{"index":"index","follow":"follow","max-snippet":"max-snippet:-1","max-image-preview":"max-image-preview:large","max-video-preview":"max-video-preview:-1"},"canonical":"https:\/\/logasaservices.com\/es\/services\/reasonable-suspicion\/","og_locale":"es_MX","og_type":"article","og_title":"Reasonable Suspicion - Logasa","og_description":"OUR SERVICES Supervisor Training Reasonable Suspicion As stipulated by the Federal Motor Carrier Safety Administration, if an individual operates a vehicle with a gross weight surpassing 26,000 lbs, necessitating a commercial driver&#8217;s license (CDL), OR if the vehicle is designed for 16 or more passengers, including the driver (with churches and non-profit organizations not being [&hellip;]","og_url":"https:\/\/logasaservices.com\/es\/services\/reasonable-suspicion\/","og_site_name":"Logasa","article_modified_time":"2023-12-27T22:15:46+00:00","og_image":[{"width":2000,"height":1333,"url":"https:\/\/logasaservices.com\/wp-content\/uploads\/2023\/12\/smiling-man-in-a-car-posing-for-the-camera.jpg","type":"image\/jpeg"}],"twitter_card":"summary_large_image","schema":{"@context":"https:\/\/schema.org","@graph":[{"@type":"WebPage","@id":"https:\/\/logasaservices.com\/services\/reasonable-suspicion\/","url":"https:\/\/logasaservices.com\/services\/reasonable-suspicion\/","name":"Reasonable Suspicion - Logasa","isPartOf":{"@id":"https:\/\/logasaservices.com\/#website"},"primaryImageOfPage":{"@id":"https:\/\/logasaservices.com\/services\/reasonable-suspicion\/#primaryimage"},"image":{"@id":"https:\/\/logasaservices.com\/services\/reasonable-suspicion\/#primaryimage"},"thumbnailUrl":"https:\/\/logasaservices.com\/wp-content\/uploads\/2023\/12\/smiling-man-in-a-car-posing-for-the-camera.jpg","datePublished":"2023-12-07T22:49:04+00:00","dateModified":"2023-12-27T22:15:46+00:00","breadcrumb":{"@id":"https:\/\/logasaservices.com\/services\/reasonable-suspicion\/#breadcrumb"},"inLanguage":"es","potentialAction":[{"@type":"ReadAction","target":["https:\/\/logasaservices.com\/services\/reasonable-suspicion\/"]}]},{"@type":"ImageObject","inLanguage":"es","@id":"https:\/\/logasaservices.com\/services\/reasonable-suspicion\/#primaryimage","url":"https:\/\/logasaservices.com\/wp-content\/uploads\/2023\/12\/smiling-man-in-a-car-posing-for-the-camera.jpg","contentUrl":"https:\/\/logasaservices.com\/wp-content\/uploads\/2023\/12\/smiling-man-in-a-car-posing-for-the-camera.jpg","width":2000,"height":1333,"caption":"Smiling man in a car posing for the camera"},{"@type":"BreadcrumbList","@id":"https:\/\/logasaservices.com\/services\/reasonable-suspicion\/#breadcrumb","itemListElement":[{"@type":"ListItem","position":1,"name":"Home","item":"https:\/\/logasaservices.com\/"},{"@type":"ListItem","position":2,"name":"Services","item":"https:\/\/logasaservices.com\/services\/"},{"@type":"ListItem","position":3,"name":"Reasonable Suspicion"}]},{"@type":"WebSite","@id":"https:\/\/logasaservices.com\/#website","url":"https:\/\/logasaservices.com\/","name":"Logasa","description":"","publisher":{"@id":"https:\/\/logasaservices.com\/#organization"},"potentialAction":[{"@type":"SearchAction","target":{"@type":"EntryPoint","urlTemplate":"https:\/\/logasaservices.com\/?s={search_term_string}"},"query-input":{"@type":"PropertyValueSpecification","valueRequired":true,"valueName":"search_term_string"}}],"inLanguage":"es"},{"@type":"Organization","@id":"https:\/\/logasaservices.com\/#organization","name":"Logasa","url":"https:\/\/logasaservices.com\/","logo":{"@type":"ImageObject","inLanguage":"es","@id":"https:\/\/logasaservices.com\/#\/schema\/logo\/image\/","url":"https:\/\/logasaservices.com\/wp-content\/uploads\/2023\/12\/logo.png","contentUrl":"https:\/\/logasaservices.com\/wp-content\/uploads\/2023\/12\/logo.png","width":179,"height":43,"caption":"Logasa"},"image":{"@id":"https:\/\/logasaservices.com\/#\/schema\/logo\/image\/"}}]}},"_links":{"self":[{"href":"https:\/\/logasaservices.com\/es\/wp-json\/wp\/v2\/pages\/178","targetHints":{"allow":["GET"]}}],"collection":[{"href":"https:\/\/logasaservices.com\/es\/wp-json\/wp\/v2\/pages"}],"about":[{"href":"https:\/\/logasaservices.com\/es\/wp-json\/wp\/v2\/types\/page"}],"author":[{"embeddable":true,"href":"https:\/\/logasaservices.com\/es\/wp-json\/wp\/v2\/users\/1"}],"replies":[{"embeddable":true,"href":"https:\/\/logasaservices.com\/es\/wp-json\/wp\/v2\/comments?post=178"}],"version-history":[{"count":17,"href":"https:\/\/logasaservices.com\/es\/wp-json\/wp\/v2\/pages\/178\/revisions"}],"predecessor-version":[{"id":419,"href":"https:\/\/logasaservices.com\/es\/wp-json\/wp\/v2\/pages\/178\/revisions\/419"}],"up":[{"embeddable":true,"href":"https:\/\/logasaservices.com\/es\/wp-json\/wp\/v2\/pages\/12"}],"wp:featuredmedia":[{"embeddable":true,"href":"https:\/\/logasaservices.com\/es\/wp-json\/wp\/v2\/media\/257"}],"wp:attachment":[{"href":"https:\/\/logasaservices.com\/es\/wp-json\/wp\/v2\/media?parent=178"}],"curies":[{"name":"wp","href":"https:\/\/api.w.org\/{rel}","templated":true}]}}